{"id":441,"date":"2022-03-13T20:18:22","date_gmt":"2022-03-13T23:18:22","guid":{"rendered":"https:\/\/soatividades.com.br\/?page_id=441"},"modified":"2022-05-04T09:43:14","modified_gmt":"2022-05-04T12:43:14","slug":"2000-atividades-em-pdf-e-editaveis","status":"publish","type":"page","link":"https:\/\/soatividades.com.br\/index.php\/2000-atividades-em-pdf-e-editaveis\/","title":{"rendered":"2000 Atividades em PDF e Edit\u00e1veis"},"content":{"rendered":"\t\t<div data-elementor-type=\"wp-page\" data-elementor-id=\"441\" class=\"elementor elementor-441\" data-elementor-settings=\"[]\">\n\t\t\t\t\t\t\t<div class=\"elementor-section-wrap\">\n\t\t\t\t\t\t\t<section class=\"elementor-section elementor-top-section elementor-element elementor-element-94e2310 elementor-section-boxed elementor-section-height-default elementor-section-height-default\" data-id=\"94e2310\" data-element_type=\"section\" data-settings=\"{&quot;background_background&quot;:&quot;classic&quot;}\">\n\t\t\t\t\t\t<div class=\"elementor-container elementor-column-gap-default\">\n\t\t\t\t\t<div class=\"elementor-column elementor-col-100 elementor-top-column elementor-element elementor-element-6c1af28\" data-id=\"6c1af28\" data-element_type=\"column\">\n\t\t\t<div class=\"elementor-widget-wrap elementor-element-populated\">\n\t\t\t\t\t\t\t\t<div class=\"elementor-element elementor-element-2c9b53a elementor-widget elementor-widget-premium-addon-title\" data-id=\"2c9b53a\" data-element_type=\"widget\" data-widget_type=\"premium-addon-title.default\">\n\t\t\t\t<div class=\"elementor-widget-container\">\n\t\t\t\n\t<div class=\"premium-title-container style6\">\n\t\t<h3 class=\"premium-title-header premium-title-style6\">\n\t\t\t\n\t\t\t\n\t\t\t\t\t\t\t\t\t<span class=\"premium-title-text\" >\n\t\t\t\tCONHE\u00c7A O MELHOR MATERIAL PARA EDUCA\u00c7\u00c3O INFANTIL E ENSINO FUNDAMENTAL 1 EM PDF E EDIT\u00c1VEL!!!\t\t\t<\/span>\n\t\t\t\t\n\t\t\t\t\t\t\t\t<\/h3>\n\t<\/div>\n\n\t\t\t\t<\/div>\n\t\t\t\t<\/div>\n\t\t\t\t<div class=\"elementor-element elementor-element-02b981b elementor-widget elementor-widget-image\" data-id=\"02b981b\" data-element_type=\"widget\" data-widget_type=\"image.default\">\n\t\t\t\t<div class=\"elementor-widget-container\">\n\t\t\t\t\t<div class=\"elementor-image\">\n\t\t\t\t\t\t\t\t\t\t\t<a href=\"https:\/\/pay.hotmart.com\/H65322036D?checkoutMode=10\">\n\t\t\t\t\t\t\t<img width=\"750\" height=\"750\" src=\"https:\/\/soatividades.com.br\/wp-content\/uploads\/2022\/03\/MATERIAL-PARA-AS-SEGUINTES-TURMAS.png\" class=\"attachment-large size-large\" alt=\"\" loading=\"lazy\" srcset=\"https:\/\/soatividades.com.br\/wp-content\/uploads\/2022\/03\/MATERIAL-PARA-AS-SEGUINTES-TURMAS.png 800w, https:\/\/soatividades.com.br\/wp-content\/uploads\/2022\/03\/MATERIAL-PARA-AS-SEGUINTES-TURMAS-300x300.png 300w, https:\/\/soatividades.com.br\/wp-content\/uploads\/2022\/03\/MATERIAL-PARA-AS-SEGUINTES-TURMAS-150x150.png 150w, https:\/\/soatividades.com.br\/wp-content\/uploads\/2022\/03\/MATERIAL-PARA-AS-SEGUINTES-TURMAS-768x768.png 768w\" sizes=\"(max-width: 750px) 100vw, 750px\" style=\"width:100%;height:100%;max-width:800px;\" \/>\t\t\t\t\t\t\t\t<\/a>\n\t\t\t\t\t\t\t\t\t\t\t<\/div>\n\t\t\t\t<\/div>\n\t\t\t\t<\/div>\n\t\t\t\t\t<\/div>\n\t\t<\/div>\n\t\t\t\t\t\t\t<\/div>\n\t\t<\/section>\n\t\t\t\t<section class=\"elementor-section elementor-top-section elementor-element elementor-element-6e142bc elementor-section-boxed elementor-section-height-default elementor-section-height-default\" data-id=\"6e142bc\" data-element_type=\"section\" data-settings=\"{&quot;background_background&quot;:&quot;classic&quot;}\">\n\t\t\t\t\t\t<div class=\"elementor-container elementor-column-gap-default\">\n\t\t\t\t\t<div class=\"elementor-column elementor-col-100 elementor-top-column elementor-element elementor-element-98d782a\" data-id=\"98d782a\" data-element_type=\"column\">\n\t\t\t<div class=\"elementor-widget-wrap elementor-element-populated\">\n\t\t\t\t\t\t\t\t<div class=\"elementor-element elementor-element-06ca1b8 elementor-widget elementor-widget-premium-addon-button\" data-id=\"06ca1b8\" data-element_type=\"widget\" data-settings=\"{&quot;_animation&quot;:&quot;none&quot;}\" data-widget_type=\"premium-addon-button.default\">\n\t\t\t\t<div class=\"elementor-widget-container\">\n\t\t\t\n\t<div class=\"premium-button-container\">\n\t\t<a class=\"premium-button premium-button-lg premium-button-style7-bottom\" href=\"https:\/\/pay.hotmart.com\/H65322036D?checkoutMode=10\">\n\t\t\t<div class=\"premium-button-text-icon-wrapper\">\n\t\t\t\t\t\t\t\t<span >\n\t\t\t\t\tEU QUERO\t\t\t\t<\/span>\n\t\t\t\t\t\t\t<\/div>\n\t\t\t\t\t\t\t\t<\/a>\n\t<\/div>\n\n\t\t\t\t<\/div>\n\t\t\t\t<\/div>\n\t\t\t\t\t<\/div>\n\t\t<\/div>\n\t\t\t\t\t\t\t<\/div>\n\t\t<\/section>\n\t\t\t\t<section class=\"elementor-section elementor-top-section elementor-element elementor-element-6e3c952 elementor-section-boxed elementor-section-height-default elementor-section-height-default\" data-id=\"6e3c952\" data-element_type=\"section\" data-settings=\"{&quot;background_background&quot;:&quot;classic&quot;}\">\n\t\t\t\t\t\t<div class=\"elementor-container elementor-column-gap-default\">\n\t\t\t\t\t<div class=\"elementor-column elementor-col-100 elementor-top-column elementor-element elementor-element-cad709c\" data-id=\"cad709c\" data-element_type=\"column\">\n\t\t\t<div class=\"elementor-widget-wrap elementor-element-populated\">\n\t\t\t\t\t\t\t\t<div class=\"elementor-element elementor-element-66e3538 elementor-widget elementor-widget-heading\" data-id=\"66e3538\" data-element_type=\"widget\" data-widget_type=\"heading.default\">\n\t\t\t\t<div class=\"elementor-widget-container\">\n\t\t\t<h2 class=\"elementor-heading-title elementor-size-default\">Depoimentos de quem j\u00e1 comprou:<\/h2>\t\t<\/div>\n\t\t\t\t<\/div>\n\t\t\t\t\t<\/div>\n\t\t<\/div>\n\t\t\t\t\t\t\t<\/div>\n\t\t<\/section>\n\t\t\t\t<section class=\"elementor-section elementor-top-section elementor-element elementor-element-0a74ae9 elementor-section-boxed elementor-section-height-default elementor-section-height-default\" data-id=\"0a74ae9\" data-element_type=\"section\" data-settings=\"{&quot;background_background&quot;:&quot;classic&quot;}\">\n\t\t\t\t\t\t<div class=\"elementor-container elementor-column-gap-default\">\n\t\t\t\t\t<div class=\"elementor-column elementor-col-33 elementor-top-column elementor-element elementor-element-4115c7e\" data-id=\"4115c7e\" data-element_type=\"column\">\n\t\t\t<div class=\"elementor-widget-wrap elementor-element-populated\">\n\t\t\t\t\t\t\t\t<div class=\"elementor-element elementor-element-6d91b5d premium-testimonial-separator-row elementor-widget elementor-widget-premium-addon-testimonials\" data-id=\"6d91b5d\" data-element_type=\"widget\" data-widget_type=\"premium-addon-testimonials.default\">\n\t\t\t\t<div class=\"elementor-widget-container\">\n\t\t\t\n\t<div class=\"premium-testimonial-box\">\n\t\t<div class=\"premium-testimonial-container\">\n\t\t\t<i class=\"fa fa-quote-left premium-testimonial-upper-quote\"><\/i>\n\t\t\t<div class=\"premium-testimonial-content-wrapper\">\n\t\t\t\t\t\t\t\t\t<div class=\"premium-testimonial-img-wrapper circle\">\n\t\t\t\t\t\t<img src=\"http:\/\/soatividades.com.br\/wp-content\/uploads\/2021\/04\/asdasd.png\" alt=\"asdasd\" class=\"premium-testimonial-person-image\">\n\t\t\t\t\t<\/div>\n\t\t\t\t\n\t\t\t\t<div class=\"premium-testimonial-text-wrapper\">\n\t\t\t\t\t<div >\n\t\t\t\t\t\t<p>Nesta pandemia estava procurando atividades para fazer com meu filho de 5 anos e adorei o material de voc\u00eas!!!<\/p><p>\u2b50\u2b50\u2b50\u2b50\u2b50<\/p>\t\t\t\t\t<\/div>\n\t\t\t\t<\/div>\n\n\t\t\t\t<div class=\"premium-testimonial-author-info\">\n\t\t\t\t\t<h3 class=\"premium-testimonial-person-name\">\n\t\t\t\t\t\t<span >\n\t\t\t\t\t\t\tClaudia Marques\t\t\t\t\t\t<\/span>\n\t\t\t\t\t<\/h3>\n\n\t\t\t\t\t<span class=\"premium-testimonial-separator\">-<\/span>\n\n\t\t\t\t\t<h4 class=\"premium-testimonial-company-name\">\n\t\t\t\t\t\t\t\t\t\t\t<a class=\"premium-testimonial-company-link\" href=\"\" target=\"_em branco\">\n\t\t\t\t\t\t\t<span >\n\t\t\t\t\t\t\t\tM\u00e3e do Matheus\t\t\t\t\t\t\t<\/span>\n\t\t\t\t\t\t<\/a>\n\t\t\t\t\t\t\t\t\t\t<\/h4>\n\t\t\t\t<\/div>\n\t\t\t<\/div>\n\t\t\t<i class=\"fa fa-quote-right premium-testimonial-lower-quote\"><\/i>\n\t\t<\/div>\n\t<\/div>\n\t\t\t\t<\/div>\n\t\t\t\t<\/div>\n\t\t\t\t\t<\/div>\n\t\t<\/div>\n\t\t\t\t<div class=\"elementor-column elementor-col-33 elementor-top-column elementor-element elementor-element-70d2669\" data-id=\"70d2669\" data-element_type=\"column\">\n\t\t\t<div class=\"elementor-widget-wrap elementor-element-populated\">\n\t\t\t\t\t\t\t\t<div class=\"elementor-element elementor-element-d093ad3 premium-testimonial-separator-row elementor-widget elementor-widget-premium-addon-testimonials\" data-id=\"d093ad3\" data-element_type=\"widget\" data-widget_type=\"premium-addon-testimonials.default\">\n\t\t\t\t<div class=\"elementor-widget-container\">\n\t\t\t\n\t<div class=\"premium-testimonial-box\">\n\t\t<div class=\"premium-testimonial-container\">\n\t\t\t<i class=\"fa fa-quote-left premium-testimonial-upper-quote\"><\/i>\n\t\t\t<div class=\"premium-testimonial-content-wrapper\">\n\t\t\t\t\t\t\t\t\t<div class=\"premium-testimonial-img-wrapper circle\">\n\t\t\t\t\t\t<img src=\"http:\/\/soatividades.com.br\/wp-content\/uploads\/2021\/04\/qweqw.png\" alt=\"qweqw\" class=\"premium-testimonial-person-image\">\n\t\t\t\t\t<\/div>\n\t\t\t\t\n\t\t\t\t<div class=\"premium-testimonial-text-wrapper\">\n\t\t\t\t\t<div >\n\t\t\t\t\t\t<p>Sou professor da educa\u00e7\u00e3o infantil e adorei o material, facilitou muito meu trabalho neste per\u00edodo de aulas remotas!<\/p><p>\u2b50\u2b50\u2b50\u2b50\u2b50<\/p>\t\t\t\t\t<\/div>\n\t\t\t\t<\/div>\n\n\t\t\t\t<div class=\"premium-testimonial-author-info\">\n\t\t\t\t\t<h3 class=\"premium-testimonial-person-name\">\n\t\t\t\t\t\t<span >\n\t\t\t\t\t\t\tClaudio Brito\t\t\t\t\t\t<\/span>\n\t\t\t\t\t<\/h3>\n\n\t\t\t\t\t<span class=\"premium-testimonial-separator\">-<\/span>\n\n\t\t\t\t\t<h4 class=\"premium-testimonial-company-name\">\n\t\t\t\t\t\t\t\t\t\t\t<a class=\"premium-testimonial-company-link\" href=\"\" target=\"_em branco\">\n\t\t\t\t\t\t\t<span >\n\t\t\t\t\t\t\t\tProfessor Ed. Infantil\t\t\t\t\t\t\t<\/span>\n\t\t\t\t\t\t<\/a>\n\t\t\t\t\t\t\t\t\t\t<\/h4>\n\t\t\t\t<\/div>\n\t\t\t<\/div>\n\t\t\t<i class=\"fa fa-quote-right premium-testimonial-lower-quote\"><\/i>\n\t\t<\/div>\n\t<\/div>\n\t\t\t\t<\/div>\n\t\t\t\t<\/div>\n\t\t\t\t\t<\/div>\n\t\t<\/div>\n\t\t\t\t<div class=\"elementor-column elementor-col-33 elementor-top-column elementor-element elementor-element-825599a\" data-id=\"825599a\" data-element_type=\"column\">\n\t\t\t<div class=\"elementor-widget-wrap elementor-element-populated\">\n\t\t\t\t\t\t\t\t<div class=\"elementor-element elementor-element-bd631fc premium-testimonial-separator-row elementor-widget elementor-widget-premium-addon-testimonials\" data-id=\"bd631fc\" data-element_type=\"widget\" data-widget_type=\"premium-addon-testimonials.default\">\n\t\t\t\t<div class=\"elementor-widget-container\">\n\t\t\t\n\t<div class=\"premium-testimonial-box\">\n\t\t<div class=\"premium-testimonial-container\">\n\t\t\t<i class=\"fa fa-quote-left premium-testimonial-upper-quote\"><\/i>\n\t\t\t<div class=\"premium-testimonial-content-wrapper\">\n\t\t\t\t\t\t\t\t\t<div class=\"premium-testimonial-img-wrapper circle\">\n\t\t\t\t\t\t<img src=\"http:\/\/soatividades.com.br\/wp-content\/uploads\/2021\/04\/fotomarcela.jpg\" alt=\"fotomarcela\" class=\"premium-testimonial-person-image\">\n\t\t\t\t\t<\/div>\n\t\t\t\t\n\t\t\t\t<div class=\"premium-testimonial-text-wrapper\">\n\t\t\t\t\t<div >\n\t\t\t\t\t\t<p>Material excelente, estou utilizando nas minhas aulas online \u00e9 muito f\u00e1cil editar e colocar a minha escola!<\/p><p>\u2b50\u2b50\u2b50\u2b50\u2b50<\/p>\t\t\t\t\t<\/div>\n\t\t\t\t<\/div>\n\n\t\t\t\t<div class=\"premium-testimonial-author-info\">\n\t\t\t\t\t<h3 class=\"premium-testimonial-person-name\">\n\t\t\t\t\t\t<span >\n\t\t\t\t\t\t\tMarcela Prado\t\t\t\t\t\t<\/span>\n\t\t\t\t\t<\/h3>\n\n\t\t\t\t\t<span class=\"premium-testimonial-separator\">-<\/span>\n\n\t\t\t\t\t<h4 class=\"premium-testimonial-company-name\">\n\t\t\t\t\t\t\t\t\t\t\t<a class=\"premium-testimonial-company-link\" href=\"\" target=\"_em branco\">\n\t\t\t\t\t\t\t<span >\n\t\t\t\t\t\t\t\tProfessora Ens. Fundamental\t\t\t\t\t\t\t<\/span>\n\t\t\t\t\t\t<\/a>\n\t\t\t\t\t\t\t\t\t\t<\/h4>\n\t\t\t\t<\/div>\n\t\t\t<\/div>\n\t\t\t<i class=\"fa fa-quote-right premium-testimonial-lower-quote\"><\/i>\n\t\t<\/div>\n\t<\/div>\n\t\t\t\t<\/div>\n\t\t\t\t<\/div>\n\t\t\t\t\t<\/div>\n\t\t<\/div>\n\t\t\t\t\t\t\t<\/div>\n\t\t<\/section>\n\t\t\t\t<section class=\"elementor-section elementor-top-section elementor-element elementor-element-99315ab elementor-section-boxed elementor-section-height-default elementor-section-height-default\" data-id=\"99315ab\" data-element_type=\"section\" data-settings=\"{&quot;background_background&quot;:&quot;classic&quot;}\">\n\t\t\t\t\t\t<div class=\"elementor-container elementor-column-gap-default\">\n\t\t\t\t\t<div class=\"elementor-column elementor-col-100 elementor-top-column elementor-element elementor-element-f6a1985\" data-id=\"f6a1985\" data-element_type=\"column\">\n\t\t\t<div class=\"elementor-widget-wrap elementor-element-populated\">\n\t\t\t\t\t\t\t\t<div class=\"elementor-element elementor-element-117490f elementor-widget elementor-widget-image\" data-id=\"117490f\" data-element_type=\"widget\" data-widget_type=\"image.default\">\n\t\t\t\t<div class=\"elementor-widget-container\">\n\t\t\t\t\t<div class=\"elementor-image\">\n\t\t\t\t\t\t\t\t\t\t\t<a href=\"https:\/\/pay.hotmart.com\/H65322036D?checkoutMode=10\">\n\t\t\t\t\t\t\t<img width=\"400\" height=\"650\" src=\"https:\/\/soatividades.com.br\/wp-content\/uploads\/2022\/03\/R2990.png\" class=\"attachment-large size-large\" alt=\"\" loading=\"lazy\" srcset=\"https:\/\/soatividades.com.br\/wp-content\/uploads\/2022\/03\/R2990.png 400w, https:\/\/soatividades.com.br\/wp-content\/uploads\/2022\/03\/R2990-185x300.png 185w\" sizes=\"(max-width: 400px) 100vw, 400px\" style=\"width:100%;height:162.5%;max-width:400px;\" \/>\t\t\t\t\t\t\t\t<\/a>\n\t\t\t\t\t\t\t\t\t\t\t<\/div>\n\t\t\t\t<\/div>\n\t\t\t\t<\/div>\n\t\t\t\t\t<\/div>\n\t\t<\/div>\n\t\t\t\t\t\t\t<\/div>\n\t\t<\/section>\n\t\t\t\t<section class=\"elementor-section elementor-top-section elementor-element elementor-element-b6d34dd elementor-section-boxed elementor-section-height-default elementor-section-height-default\" data-id=\"b6d34dd\" data-element_type=\"section\" data-settings=\"{&quot;background_background&quot;:&quot;classic&quot;}\">\n\t\t\t\t\t\t<div class=\"elementor-container elementor-column-gap-default\">\n\t\t\t\t\t<div class=\"elementor-column elementor-col-100 elementor-top-column elementor-element elementor-element-c778ba1\" data-id=\"c778ba1\" data-element_type=\"column\">\n\t\t\t<div class=\"elementor-widget-wrap elementor-element-populated\">\n\t\t\t\t\t\t\t\t<div class=\"elementor-element elementor-element-dd68aeb elementor-widget elementor-widget-toggle\" data-id=\"dd68aeb\" data-element_type=\"widget\" data-widget_type=\"toggle.default\">\n\t\t\t\t<div class=\"elementor-widget-container\">\n\t\t\t\t\t<div class=\"elementor-toggle\" role=\"tablist\">\n\t\t\t\t\t\t\t<div class=\"elementor-toggle-item\">\n\t\t\t\t\t<div id=\"elementor-tab-title-2321\" class=\"elementor-tab-title\" data-tab=\"1\" role=\"tab\" aria-controls=\"elementor-tab-content-2321\" aria-expanded=\"false\">\n\t\t\t\t\t\t\t\t\t\t\t\t<span class=\"elementor-toggle-icon elementor-toggle-icon-left\" aria-hidden=\"true\">\n\t\t\t\t\t\t\t\t\t\t\t\t\t\t\t<span class=\"elementor-toggle-icon-closed\"><i class=\"fas fa-caret-right\"><\/i><\/span>\n\t\t\t\t\t\t\t\t<span class=\"elementor-toggle-icon-opened\"><i class=\"elementor-toggle-icon-opened fas fa-caret-up\"><\/i><\/span>\n\t\t\t\t\t\t\t\t\t\t\t\t\t<\/span>\n\t\t\t\t\t\t\t\t\t\t\t\t<a href=\"\" class=\"elementor-toggle-title\">Como vou receber o material?<\/a>\n\t\t\t\t\t<\/div>\n\t\t\t\t\t<div id=\"elementor-tab-content-2321\" class=\"elementor-tab-content elementor-clearfix\" data-tab=\"1\" role=\"tabpanel\" aria-labelledby=\"elementor-tab-title-2321\"><h5 class=\"title\"><span class=\"klickart-font\">O <u>S\u00d3 ATIVIDADES<\/u> <\/span><span class=\"klickart-font\">\u00e9 totalmente digital, voc\u00ea ir\u00e1 receber o material em seu e-mail, de imediato ap\u00f3s a confirma\u00e7\u00e3o de pagamento, e o melhor, no conforto de sua casa!<\/span><\/h5><\/div>\n\t\t\t\t<\/div>\n\t\t\t\t\t\t\t<div class=\"elementor-toggle-item\">\n\t\t\t\t\t<div id=\"elementor-tab-title-2322\" class=\"elementor-tab-title\" data-tab=\"2\" role=\"tab\" aria-controls=\"elementor-tab-content-2322\" aria-expanded=\"false\">\n\t\t\t\t\t\t\t\t\t\t\t\t<span class=\"elementor-toggle-icon elementor-toggle-icon-left\" aria-hidden=\"true\">\n\t\t\t\t\t\t\t\t\t\t\t\t\t\t\t<span class=\"elementor-toggle-icon-closed\"><i class=\"fas fa-caret-right\"><\/i><\/span>\n\t\t\t\t\t\t\t\t<span class=\"elementor-toggle-icon-opened\"><i class=\"elementor-toggle-icon-opened fas fa-caret-up\"><\/i><\/span>\n\t\t\t\t\t\t\t\t\t\t\t\t\t<\/span>\n\t\t\t\t\t\t\t\t\t\t\t\t<a href=\"\" class=\"elementor-toggle-title\">Se eu n\u00e3o gostar do produto, posso cancelar?<\/a>\n\t\t\t\t\t<\/div>\n\t\t\t\t\t<div id=\"elementor-tab-content-2322\" class=\"elementor-tab-content elementor-clearfix\" data-tab=\"2\" role=\"tabpanel\" aria-labelledby=\"elementor-tab-title-2322\"><p>Pode sim, n\u00e3o tem problema, caso n\u00e3o veja resultados voc\u00ea tem at\u00e9 7 dias ap\u00f3s aprova\u00e7\u00e3o do pagamento, devolvemos o valor pago.<\/p><\/div>\n\t\t\t\t<\/div>\n\t\t\t\t\t\t\t<div class=\"elementor-toggle-item\">\n\t\t\t\t\t<div id=\"elementor-tab-title-2323\" class=\"elementor-tab-title\" data-tab=\"3\" role=\"tab\" aria-controls=\"elementor-tab-content-2323\" aria-expanded=\"false\">\n\t\t\t\t\t\t\t\t\t\t\t\t<span class=\"elementor-toggle-icon elementor-toggle-icon-left\" aria-hidden=\"true\">\n\t\t\t\t\t\t\t\t\t\t\t\t\t\t\t<span class=\"elementor-toggle-icon-closed\"><i class=\"fas fa-caret-right\"><\/i><\/span>\n\t\t\t\t\t\t\t\t<span class=\"elementor-toggle-icon-opened\"><i class=\"elementor-toggle-icon-opened fas fa-caret-up\"><\/i><\/span>\n\t\t\t\t\t\t\t\t\t\t\t\t\t<\/span>\n\t\t\t\t\t\t\t\t\t\t\t\t<a href=\"\" class=\"elementor-toggle-title\">Qual a idade indicada?<\/a>\n\t\t\t\t\t<\/div>\n\t\t\t\t\t<div id=\"elementor-tab-content-2323\" class=\"elementor-tab-content elementor-clearfix\" data-tab=\"3\" role=\"tabpanel\" aria-labelledby=\"elementor-tab-title-2323\"><p>Indicamos para crian\u00e7as que estejam cursando a educa\u00e7\u00e3o infantil e ensino fundamental 1 (at\u00e9 o 5\u00ba ano)<\/p><\/div>\n\t\t\t\t<\/div>\n\t\t\t\t\t\t\t<div class=\"elementor-toggle-item\">\n\t\t\t\t\t<div id=\"elementor-tab-title-2324\" class=\"elementor-tab-title\" data-tab=\"4\" role=\"tab\" aria-controls=\"elementor-tab-content-2324\" aria-expanded=\"false\">\n\t\t\t\t\t\t\t\t\t\t\t\t<span class=\"elementor-toggle-icon elementor-toggle-icon-left\" aria-hidden=\"true\">\n\t\t\t\t\t\t\t\t\t\t\t\t\t\t\t<span class=\"elementor-toggle-icon-closed\"><i class=\"fas fa-caret-right\"><\/i><\/span>\n\t\t\t\t\t\t\t\t<span class=\"elementor-toggle-icon-opened\"><i class=\"elementor-toggle-icon-opened fas fa-caret-up\"><\/i><\/span>\n\t\t\t\t\t\t\t\t\t\t\t\t\t<\/span>\n\t\t\t\t\t\t\t\t\t\t\t\t<a href=\"\" class=\"elementor-toggle-title\">S\u00e3o quantas atividades?<\/a>\n\t\t\t\t\t<\/div>\n\t\t\t\t\t<div id=\"elementor-tab-content-2324\" class=\"elementor-tab-content elementor-clearfix\" data-tab=\"4\" role=\"tabpanel\" aria-labelledby=\"elementor-tab-title-2324\"><p>S\u00e3o mais de <strong>2000 <\/strong>atividades em PDF e\u00a0 pensadas e desenvolvidas por pedagogos\u00a0<\/p><\/div>\n\t\t\t\t<\/div>\n\t\t\t\t\t\t\t<div class=\"elementor-toggle-item\">\n\t\t\t\t\t<div id=\"elementor-tab-title-2325\" class=\"elementor-tab-title\" data-tab=\"5\" role=\"tab\" aria-controls=\"elementor-tab-content-2325\" aria-expanded=\"false\">\n\t\t\t\t\t\t\t\t\t\t\t\t<span class=\"elementor-toggle-icon elementor-toggle-icon-left\" aria-hidden=\"true\">\n\t\t\t\t\t\t\t\t\t\t\t\t\t\t\t<span class=\"elementor-toggle-icon-closed\"><i class=\"fas fa-caret-right\"><\/i><\/span>\n\t\t\t\t\t\t\t\t<span class=\"elementor-toggle-icon-opened\"><i class=\"elementor-toggle-icon-opened fas fa-caret-up\"><\/i><\/span>\n\t\t\t\t\t\t\t\t\t\t\t\t\t<\/span>\n\t\t\t\t\t\t\t\t\t\t\t\t<a href=\"\" class=\"elementor-toggle-title\">Qual o diferencial do S\u00d3 ATIVIDADES?<\/a>\n\t\t\t\t\t<\/div>\n\t\t\t\t\t<div id=\"elementor-tab-content-2325\" class=\"elementor-tab-content elementor-clearfix\" data-tab=\"5\" role=\"tabpanel\" aria-labelledby=\"elementor-tab-title-2325\"><p>Em nosso material voc\u00ea vai receber as atividades edit\u00e1veis sem logotipos para modificar o cabe\u00e7alho e inserir o do seu col\u00e9gio.<\/p><\/div>\n\t\t\t\t<\/div>\n\t\t\t\t\t<\/div>\n\t\t\t\t<\/div>\n\t\t\t\t<\/div>\n\t\t\t\t\t<\/div>\n\t\t<\/div>\n\t\t\t\t\t\t\t<\/div>\n\t\t<\/section>\n\t\t\t\t<section class=\"elementor-section elementor-top-section elementor-element elementor-element-fdac696 elementor-section-boxed elementor-section-height-default elementor-section-height-default\" data-id=\"fdac696\" data-element_type=\"section\" data-settings=\"{&quot;background_background&quot;:&quot;classic&quot;}\">\n\t\t\t\t\t\t<div class=\"elementor-container elementor-column-gap-default\">\n\t\t\t\t\t<div class=\"elementor-column elementor-col-100 elementor-top-column elementor-element elementor-element-58e6563\" data-id=\"58e6563\" data-element_type=\"column\">\n\t\t\t<div class=\"elementor-widget-wrap elementor-element-populated\">\n\t\t\t\t\t\t\t\t<div class=\"elementor-element elementor-element-9777446 elementor-widget elementor-widget-premium-addon-button\" data-id=\"9777446\" data-element_type=\"widget\" data-settings=\"{&quot;_animation&quot;:&quot;none&quot;}\" data-widget_type=\"premium-addon-button.default\">\n\t\t\t\t<div class=\"elementor-widget-container\">\n\t\t\t\n\t<div class=\"premium-button-container\">\n\t\t<a class=\"premium-button premium-button-lg premium-button-style7-bottom\" href=\"https:\/\/pay.hotmart.com\/H65322036D?checkoutMode=10\">\n\t\t\t<div class=\"premium-button-text-icon-wrapper\">\n\t\t\t\t\t\t\t\t<span >\n\t\t\t\t\tEU QUERO\t\t\t\t<\/span>\n\t\t\t\t\t\t\t<\/div>\n\t\t\t\t\t\t\t\t<\/a>\n\t<\/div>\n\n\t\t\t\t<\/div>\n\t\t\t\t<\/div>\n\t\t\t\t\t<\/div>\n\t\t<\/div>\n\t\t\t\t\t\t\t<\/div>\n\t\t<\/section>\n\t\t\t\t<section class=\"elementor-section elementor-top-section elementor-element elementor-element-edb3b77 elementor-section-boxed elementor-section-height-default elementor-section-height-default\" data-id=\"edb3b77\" data-element_type=\"section\">\n\t\t\t\t\t\t<div class=\"elementor-container elementor-column-gap-default\">\n\t\t\t\t\t<div class=\"elementor-column elementor-col-100 elementor-top-column elementor-element elementor-element-b969a55\" data-id=\"b969a55\" data-element_type=\"column\">\n\t\t\t<div class=\"elementor-widget-wrap elementor-element-populated\">\n\t\t\t\t\t\t\t\t<div class=\"elementor-element elementor-element-0b5baaf elementor-widget elementor-widget-html\" data-id=\"0b5baaf\" data-element_type=\"widget\" data-widget_type=\"html.default\">\n\t\t\t\t<div class=\"elementor-widget-container\">\n\t\t\t<!-- Facebook Pixel Code -->\r\n<script>\r\n!function(f,b,e,v,n,t,s)\r\n{if(f.fbq)return;n=f.fbq=function(){n.callMethod?\r\nn.callMethod.apply(n,arguments):n.queue.push(arguments)};\r\nif(!f._fbq)f._fbq=n;n.push=n;n.loaded=!0;n.version='2.0';\r\nn.queue=[];t=b.createElement(e);t.async=!0;\r\nt.src=v;s=b.getElementsByTagName(e)[0];\r\ns.parentNode.insertBefore(t,s)}(window, document,'script',\r\n'https:\/\/connect.facebook.net\/en_US\/fbevents.js');\r\nfbq('init', '880779029367138');\r\nfbq('track', 'PageView');\r\n<\/script>\r\n<noscript><img height=\"1\" width=\"1\" style=\"display:none\"\r\nsrc=\"https:\/\/www.facebook.com\/tr?id=880779029367138&ev=PageView&noscript=1\"\r\n\/><\/noscript>\r\n<!-- End Facebook Pixel Code -->\t\t<\/div>\n\t\t\t\t<\/div>\n\t\t\t\t\t<\/div>\n\t\t<\/div>\n\t\t\t\t\t\t\t<\/div>\n\t\t<\/section>\n\t\t\t\t\t\t<\/div>\n\t\t\t\t\t<\/div>\n\t\t","protected":false},"excerpt":{"rendered":"<p>CONHE\u00c7A O MELHOR MATERIAL PARA EDUCA\u00c7\u00c3O INFANTIL E ENSINO FUNDAMENTAL 1 EM PDF E EDIT\u00c1VEL!!! EU QUERO Depoimentos de quem j\u00e1 comprou: Nesta pandemia estava procurando atividades para fazer com meu filho de 5 anos e adorei o material de voc\u00eas!!! \u2b50\u2b50\u2b50\u2b50\u2b50 Claudia Marques &#8211; M\u00e3e do Matheus Sou professor da educa\u00e7\u00e3o infantil e adorei&hellip; <a class=\"more-link\" href=\"https:\/\/soatividades.com.br\/index.php\/2000-atividades-em-pdf-e-editaveis\/\">Continuar lendo <span class=\"screen-reader-text\">2000 Atividades em PDF e Edit\u00e1veis<\/span><\/a><\/p>\n","protected":false},"author":1,"featured_media":0,"parent":0,"menu_order":0,"comment_status":"closed","ping_status":"closed","template":"elementor_canvas","meta":[],"_links":{"self":[{"href":"https:\/\/soatividades.com.br\/index.php\/wp-json\/wp\/v2\/pages\/441"}],"collection":[{"href":"https:\/\/soatividades.com.br\/index.php\/wp-json\/wp\/v2\/pages"}],"about":[{"href":"https:\/\/soatividades.com.br\/index.php\/wp-json\/wp\/v2\/types\/page"}],"author":[{"embeddable":true,"href":"https:\/\/soatividades.com.br\/index.php\/wp-json\/wp\/v2\/users\/1"}],"replies":[{"embeddable":true,"href":"https:\/\/soatividades.com.br\/index.php\/wp-json\/wp\/v2\/comments?post=441"}],"version-history":[{"count":16,"href":"https:\/\/soatividades.com.br\/index.php\/wp-json\/wp\/v2\/pages\/441\/revisions"}],"predecessor-version":[{"id":810,"href":"https:\/\/soatividades.com.br\/index.php\/wp-json\/wp\/v2\/pages\/441\/revisions\/810"}],"wp:attachment":[{"href":"https:\/\/soatividades.com.br\/index.php\/wp-json\/wp\/v2\/media?parent=441"}],"curies":[{"name":"wp","href":"https:\/\/api.w.org\/{rel}","templated":true}]}}